{"id":1378,"date":"2025-12-11T19:46:55","date_gmt":"2025-12-11T19:46:55","guid":{"rendered":"https:\/\/mesonavenidabetanzos.es\/?page_id=1378"},"modified":"2025-12-11T19:51:14","modified_gmt":"2025-12-11T19:51:14","slug":"accesibilidad","status":"publish","type":"page","link":"https:\/\/mesonavenidabetanzos.es\/gl\/accesibilidad\/","title":{"rendered":"Accesibilidad"},"content":{"rendered":"\t\t<div data-elementor-type=\"wp-page\" data-elementor-id=\"1378\" class=\"elementor elementor-1378\">\n\t\t\t\t<div class=\"elementor-element elementor-element-7be952f0 e-flex e-con-boxed e-con e-parent\" data-id=\"7be952f0\" data-element_type=\"container\" data-e-type=\"container\">\n\t\t\t\t\t<div class=\"e-con-inner\">\n\t\t\t\t<div class=\"elementor-element elementor-element-718b9138 elementor-widget elementor-widget-text-editor\" data-id=\"718b9138\" data-element_type=\"widget\" data-e-type=\"widget\" data-widget_type=\"text-editor.default\">\n\t\t\t\t<div class=\"elementor-widget-container\">\n\t\t\t\t\t\t\t\t\t<h2>Declaraci\u00f3n de accesibilidad<\/h2><p><!-- \/wp:heading --><!-- wp:paragraph --><\/p><p data-start=\"191\" data-end=\"407\">El sitio web <strong data-start=\"204\" data-end=\"231\">mesonavenidabetanzos.es<\/strong> tiene como objetivo garantizar la accesibilidad de sus contenidos al mayor n\u00famero posible de personas, independientemente de sus capacidades, contexto o dispositivo de acceso.<\/p><p data-start=\"409\" data-end=\"475\">La titular del sitio es <strong data-start=\"433\" data-end=\"474\">Georgiana Corina Dica (NIF Y2067242Q)<\/strong>.<\/p><p><!-- \/wp:paragraph --><!-- wp:heading --><\/p><h2>Estado de cumplimiento<\/h2><p><!-- \/wp:heading --><!-- wp:paragraph --><\/p><p data-start=\"510\" data-end=\"659\">Nuestro objetivo es avanzar hacia un nivel de accesibilidad equivalente a las <strong data-start=\"588\" data-end=\"658\">Pautas de Accesibilidad para el Contenido Web (WCAG) 2.1, nivel AA<\/strong>.<\/p><p data-start=\"661\" data-end=\"862\">En la actualidad, el sitio se encuentra en un estado de <strong data-start=\"717\" data-end=\"741\">cumplimiento parcial<\/strong>, ya que pueden existir elementos o secciones que todav\u00eda no cumplen plenamente con todos los criterios de accesibilidad.<\/p><p><!-- \/wp:paragraph --><!-- wp:paragraph --><\/p><p><!-- \/wp:paragraph --><!-- wp:heading --><\/p><h2>Medidas adoptadas para mejorar la accesibilidad<\/h2><p><!-- \/wp:heading --><!-- wp:paragraph --><\/p><p data-start=\"922\" data-end=\"1037\">En la construcci\u00f3n y mantenimiento de este sitio web se han tenido en cuenta, entre otros, los siguientes aspectos:<\/p><ul data-start=\"1039\" data-end=\"1605\"><li data-start=\"1039\" data-end=\"1174\"><p data-start=\"1041\" data-end=\"1174\">Uso de una <strong data-start=\"1052\" data-end=\"1085\">estructura sem\u00e1ntica correcta<\/strong> (encabezados, listas, p\u00e1rrafos) para facilitar la navegaci\u00f3n con tecnolog\u00edas de apoyo.<\/p><\/li><li data-start=\"1175\" data-end=\"1256\"><p data-start=\"1177\" data-end=\"1256\"><strong data-start=\"1177\" data-end=\"1198\">Texto alternativo<\/strong> en las im\u00e1genes relevantes siempre que ha sido posible.<\/p><\/li><li data-start=\"1257\" data-end=\"1333\"><p data-start=\"1259\" data-end=\"1333\">Contrastes de color revisados para mejorar la <strong data-start=\"1305\" data-end=\"1330\">legibilidad del texto<\/strong>.<\/p><\/li><li data-start=\"1334\" data-end=\"1421\"><p data-start=\"1336\" data-end=\"1421\">Formularios con <strong data-start=\"1352\" data-end=\"1375\">etiquetas asociadas<\/strong> a los campos para facilitar su comprensi\u00f3n.<\/p><\/li><li data-start=\"1422\" data-end=\"1529\"><p data-start=\"1424\" data-end=\"1529\">Navegaci\u00f3n coherente en todas las p\u00e1ginas, con <strong data-start=\"1471\" data-end=\"1502\">men\u00fas y elementos repetidos<\/strong> en posiciones similares.<\/p><\/li><li data-start=\"1530\" data-end=\"1605\"><p data-start=\"1532\" data-end=\"1605\">Dise\u00f1o adaptable a distintos tama\u00f1os de pantalla (<strong data-start=\"1582\" data-end=\"1603\">dise\u00f1o responsive<\/strong>).<\/p><\/li><\/ul><p data-start=\"1607\" data-end=\"1748\">Seguimos trabajando de forma progresiva para revisar y corregir aquellos elementos que puedan suponer una barrera de acceso a los contenidos.<\/p><p><!-- \/wp:paragraph --><!-- wp:heading --><\/p><h2>Contenido no accesible<\/h2><p><!-- \/wp:heading --><!-- wp:paragraph --><\/p><p data-start=\"1783\" data-end=\"1862\">Es posible que existan algunas limitaciones de accesibilidad, especialmente en:<\/p><ul data-start=\"1864\" data-end=\"2162\"><li data-start=\"1864\" data-end=\"1950\"><p data-start=\"1866\" data-end=\"1950\">Contenidos o im\u00e1genes antiguos que todav\u00eda no cuentan con descripci\u00f3n alternativa.<\/p><\/li><li data-start=\"1951\" data-end=\"2064\"><p data-start=\"1953\" data-end=\"2064\">Documentos o archivos descargables que no se han generado originalmente siguiendo criterios de accesibilidad.<\/p><\/li><li data-start=\"2065\" data-end=\"2162\"><p data-start=\"2067\" data-end=\"2162\">Elementos de terceros (como plugins o widgets externos) sobre los que no tenemos control total.<\/p><\/li><\/ul><p data-start=\"2164\" data-end=\"2247\">Estamos revisando estos puntos y los iremos corrigiendo en la medida de lo posible.<\/p><p><!-- \/wp:paragraph --><!-- wp:paragraph --><\/p><p><!-- \/wp:paragraph --><!-- wp:heading --><\/p><h2>Preparaci\u00f3n de esta declaraci\u00f3n de accesibilidad<\/h2><p><!-- \/wp:heading --><!-- wp:paragraph --><\/p><p data-start=\"2298\" data-end=\"2542\">La presente declaraci\u00f3n de accesibilidad se ha preparado con fecha <strong data-start=\"2375\" data-end=\"2454\">11 de diciembre de 2025<\/strong>, a partir de una autoevaluaci\u00f3n interna del sitio web.<\/p><p><!-- \/wp:paragraph --><!-- wp:heading --><\/p><h2>Observaciones y datos de contacto<\/h2><p><!-- \/wp:heading --><!-- wp:paragraph --><\/p><p data-start=\"2555\" data-end=\"2735\">Si detectas problemas de accesibilidad en este sitio web o deseas realizar cualquier consulta o sugerencia relacionada con la accesibilidad, puedes ponerte en contacto a trav\u00e9s de:<\/p><ul data-start=\"2737\" data-end=\"2977\"><li data-start=\"2737\" data-end=\"2844\"><p data-start=\"2739\" data-end=\"2844\">Correo electr\u00f3nico: <strong data-start=\"2759\" data-end=\"2842\">[sustituir por el correo que quieras usar, p. ej. <a class=\"decorated-link cursor-pointer\" rel=\"noopener\">info@mesonavenidabetanzos.es<\/a>]<\/strong><\/p><\/li><li data-start=\"2845\" data-end=\"2901\"><p data-start=\"2847\" data-end=\"2901\">Tel\u00e9fono: <strong data-start=\"2857\" data-end=\"2899\">[n\u00famero de contacto del Mes\u00f3n Avenida]<\/strong><\/p><\/li><li data-start=\"2902\" data-end=\"2977\"><p data-start=\"2904\" data-end=\"2977\">O mediante el <strong data-start=\"2918\" data-end=\"2955\">formulario de contacto \/ reservas<\/strong> disponible en la web.<\/p><\/li><\/ul><p data-start=\"2979\" data-end=\"3014\">Indica, en la medida de lo posible:<\/p><ul data-start=\"3016\" data-end=\"3293\"><li data-start=\"3016\" data-end=\"3086\"><p data-start=\"3018\" data-end=\"3086\">La <strong data-start=\"3021\" data-end=\"3040\">p\u00e1gina concreta<\/strong> (URL) en la que has encontrado el problema.<\/p><\/li><li data-start=\"3087\" data-end=\"3161\"><p data-start=\"3089\" data-end=\"3161\">Una breve descripci\u00f3n de la <strong data-start=\"3117\" data-end=\"3148\">incidencia de accesibilidad<\/strong> detectada.<\/p><\/li><li data-start=\"3162\" data-end=\"3293\"><p data-start=\"3164\" data-end=\"3293\">El <strong data-start=\"3167\" data-end=\"3194\">navegador y dispositivo<\/strong> que estabas usando (por ejemplo, m\u00f3vil Android con Chrome, ordenador con Windows y Firefox, etc.).<\/p><\/li><\/ul><p><!-- \/wp:paragraph --><!-- wp:heading --><\/p><h2>Procedimiento de aplicaci\u00f3n<\/h2><p><!-- \/wp:heading --><!-- wp:paragraph --><\/p><p data-start=\"3333\" data-end=\"3501\">En caso de no obtener respuesta o de no estar conforme con la respuesta recibida, puedes reiterar tu consulta por los mismos medios de contacto indicados anteriormente.<\/p><p data-start=\"3503\" data-end=\"3652\">Nuestro compromiso es <strong data-start=\"3525\" data-end=\"3578\">responder y, en la medida de lo posible, corregir<\/strong> las incidencias de accesibilidad detectadas dentro de un plazo razonable.<\/p><p><!-- \/wp:paragraph --><!-- wp:heading --><\/p><h2>Qu\u00e9 derechos tienes sobre tus datos<\/h2><p><!-- \/wp:heading --><!-- wp:paragraph --><\/p><p>Si tienes una cuenta en este sitio o has dejado comentarios, puedes solicitar un archivo exportado con los datos personales que tenemos sobre ti, incluidos los datos que nos hayas proporcionado.<br data-start=\"3834\" data-end=\"3837\" \/>Tambi\u00e9n puedes solicitar que eliminemos cualquier dato personal que tengamos sobre ti.<br data-start=\"3923\" data-end=\"3926\" \/>Esto no incluye ning\u00fan dato que estemos obligados a conservar con fines administrativos, legales o de seguridad.<\/p><p><!-- \/wp:paragraph --><!-- wp:heading --><\/p><h2>D\u00f3nde se env\u00edan tus datos<\/h2><p><!-- \/wp:heading --><!-- wp:paragraph --><\/p><p>Los comentarios de los visitantes pueden ser revisados por un servicio automatizado de detecci\u00f3n de spam.<\/p><p><!-- \/wp:paragraph --><\/p>\t\t\t\t\t\t\t\t<\/div>\n\t\t\t\t<\/div>\n\t\t\t\t\t<\/div>\n\t\t\t\t<\/div>\n\t\t\t\t<\/div>\n\t\t","protected":false},"excerpt":{"rendered":"<p>Declaraci\u00f3n de accesibilidad El sitio web mesonavenidabetanzos.es tiene como objetivo garantizar la accesibilidad de sus contenidos al mayor n\u00famero posible de personas, independientemente de sus capacidades, contexto o dispositivo de acceso. La titular del sitio es Georgiana Corina Dica (NIF Y2067242Q). Estado de cumplimiento Nuestro objetivo es avanzar hacia un nivel de accesibilidad equivalente a [&hellip;]<\/p>\n","protected":false},"author":2,"featured_media":0,"parent":0,"menu_order":0,"comment_status":"closed","ping_status":"closed","template":"","meta":{"site-sidebar-layout":"no-sidebar","site-content-layout":"page-builder","ast-site-content-layout":"full-width-container","site-content-style":"default","site-sidebar-style":"default","ast-global-header-display":"","ast-banner-title-visibility":"","ast-main-header-display":"","ast-hfb-above-header-display":"","ast-hfb-below-header-display":"","ast-hfb-mobile-header-display":"","site-post-title":"","ast-breadcrumbs-content":"","ast-featured-img":"disabled","footer-sml-layout":"","ast-disable-related-posts":"","theme-transparent-header-meta":"","adv-header-id-meta":"","stick-header-meta":"","header-above-stick-meta":"","header-main-stick-meta":"","header-below-stick-meta":"","astra-migrate-meta-layouts":"set","ast-page-background-enabled":"default","ast-page-background-meta":{"desktop":{"background-color":"","background-image":"","background-repeat":"repeat","background-position":"center center","background-size":"auto","background-attachment":"scroll","background-type":"","background-media":"","overlay-type":"","overlay-color":"","overlay-opacity":"","overlay-gradient":""},"tablet":{"background-color":"","background-image":"","background-repeat":"repeat","background-position":"center center","background-size":"auto","background-attachment":"scroll","background-type":"","background-media":"","overlay-type":"","overlay-color":"","overlay-opacity":"","overlay-gradient":""},"mobile":{"background-color":"","background-image":"","background-repeat":"repeat","background-position":"center center","background-size":"auto","background-attachment":"scroll","background-type":"","background-media":"","overlay-type":"","overlay-color":"","overlay-opacity":"","overlay-gradient":""}},"ast-content-background-meta":{"desktop":{"background-color":"var(--ast-global-color-5)","background-image":"","background-repeat":"repeat","background-position":"center center","background-size":"auto","background-attachment":"scroll","background-type":"","background-media":"","overlay-type":"","overlay-color":"","overlay-opacity":"","overlay-gradient":""},"tablet":{"background-color":"var(--ast-global-color-5)","background-image":"","background-repeat":"repeat","background-position":"center center","background-size":"auto","background-attachment":"scroll","background-type":"","background-media":"","overlay-type":"","overlay-color":"","overlay-opacity":"","overlay-gradient":""},"mobile":{"background-color":"var(--ast-global-color-5)","background-image":"","background-repeat":"repeat","background-position":"center center","background-size":"auto","background-attachment":"scroll","background-type":"","background-media":"","overlay-type":"","overlay-color":"","overlay-opacity":"","overlay-gradient":""}},"footnotes":""},"class_list":["post-1378","page","type-page","status-publish","hentry"],"yoast_head":"<!-- This site is optimized with the Yoast SEO plugin v27.3 - https:\/\/yoast.com\/product\/yoast-seo-wordpress\/ -->\n<title>Accesibilidad - Mes&oacute;n Avenida<\/title>\n<meta name=\"robots\" content=\"index, follow, max-snippet:-1, max-image-preview:large, max-video-preview:-1\" \/>\n<link rel=\"canonical\" href=\"https:\/\/mesonavenidabetanzos.es\/gl\/accesibilidad\/\" \/>\n<meta property=\"og:locale\" content=\"gl_ES\" \/>\n<meta property=\"og:type\" content=\"article\" \/>\n<meta property=\"og:title\" content=\"Accesibilidad - Mes&oacute;n Avenida\" \/>\n<meta property=\"og:description\" content=\"Declaraci\u00f3n de accesibilidad El sitio web mesonavenidabetanzos.es tiene como objetivo garantizar la accesibilidad de sus contenidos al mayor n\u00famero posible de personas, independientemente de sus capacidades, contexto o dispositivo de acceso. La titular del sitio es Georgiana Corina Dica (NIF Y2067242Q). Estado de cumplimiento Nuestro objetivo es avanzar hacia un nivel de accesibilidad equivalente a [&hellip;]\" \/>\n<meta property=\"og:url\" content=\"https:\/\/mesonavenidabetanzos.es\/gl\/accesibilidad\/\" \/>\n<meta property=\"og:site_name\" content=\"Mes&oacute;n Avenida\" \/>\n<meta property=\"article:modified_time\" content=\"2025-12-11T19:51:14+00:00\" \/>\n<meta name=\"twitter:card\" content=\"summary_large_image\" \/>\n<meta name=\"twitter:label1\" content=\"Tempo de lectura\" \/>\n\t<meta name=\"twitter:data1\" content=\"3 minutos\" \/>\n<script type=\"application\/ld+json\" class=\"yoast-schema-graph\">{\"@context\":\"https:\\\/\\\/schema.org\",\"@graph\":[{\"@type\":\"WebPage\",\"@id\":\"https:\\\/\\\/mesonavenidabetanzos.es\\\/accesibilidad\\\/\",\"url\":\"https:\\\/\\\/mesonavenidabetanzos.es\\\/accesibilidad\\\/\",\"name\":\"Accesibilidad - Mes&oacute;n Avenida\",\"isPartOf\":{\"@id\":\"https:\\\/\\\/mesonavenidabetanzos.es\\\/#website\"},\"datePublished\":\"2025-12-11T19:46:55+00:00\",\"dateModified\":\"2025-12-11T19:51:14+00:00\",\"breadcrumb\":{\"@id\":\"https:\\\/\\\/mesonavenidabetanzos.es\\\/accesibilidad\\\/#breadcrumb\"},\"inLanguage\":\"gl-ES\",\"potentialAction\":[{\"@type\":\"ReadAction\",\"target\":[\"https:\\\/\\\/mesonavenidabetanzos.es\\\/accesibilidad\\\/\"]}]},{\"@type\":\"BreadcrumbList\",\"@id\":\"https:\\\/\\\/mesonavenidabetanzos.es\\\/accesibilidad\\\/#breadcrumb\",\"itemListElement\":[{\"@type\":\"ListItem\",\"position\":1,\"name\":\"Portada\",\"item\":\"https:\\\/\\\/mesonavenidabetanzos.es\\\/\"},{\"@type\":\"ListItem\",\"position\":2,\"name\":\"Accesibilidad\"}]},{\"@type\":\"WebSite\",\"@id\":\"https:\\\/\\\/mesonavenidabetanzos.es\\\/#website\",\"url\":\"https:\\\/\\\/mesonavenidabetanzos.es\\\/\",\"name\":\"Mes&oacute;n Avenida\",\"description\":\"Comida casera gallega\",\"publisher\":{\"@id\":\"https:\\\/\\\/mesonavenidabetanzos.es\\\/#organization\"},\"potentialAction\":[{\"@type\":\"SearchAction\",\"target\":{\"@type\":\"EntryPoint\",\"urlTemplate\":\"https:\\\/\\\/mesonavenidabetanzos.es\\\/?s={search_term_string}\"},\"query-input\":{\"@type\":\"PropertyValueSpecification\",\"valueRequired\":true,\"valueName\":\"search_term_string\"}}],\"inLanguage\":\"gl-ES\"},{\"@type\":\"Organization\",\"@id\":\"https:\\\/\\\/mesonavenidabetanzos.es\\\/#organization\",\"name\":\"Mes&oacute;n Avenida\",\"url\":\"https:\\\/\\\/mesonavenidabetanzos.es\\\/\",\"logo\":{\"@type\":\"ImageObject\",\"inLanguage\":\"gl-ES\",\"@id\":\"https:\\\/\\\/mesonavenidabetanzos.es\\\/#\\\/schema\\\/logo\\\/image\\\/\",\"url\":\"https:\\\/\\\/mesonavenidabetanzos.es\\\/wp-content\\\/uploads\\\/2025\\\/12\\\/Diseno-sin-titulo-18-e1765381248992.png\",\"contentUrl\":\"https:\\\/\\\/mesonavenidabetanzos.es\\\/wp-content\\\/uploads\\\/2025\\\/12\\\/Diseno-sin-titulo-18-e1765381248992.png\",\"width\":1250,\"height\":435,\"caption\":\"Mes&oacute;n Avenida\"},\"image\":{\"@id\":\"https:\\\/\\\/mesonavenidabetanzos.es\\\/#\\\/schema\\\/logo\\\/image\\\/\"}}]}<\/script>\n<!-- \/ Yoast SEO plugin. -->","yoast_head_json":{"title":"Accesibilidad - Mes&oacute;n Avenida","robots":{"index":"index","follow":"follow","max-snippet":"max-snippet:-1","max-image-preview":"max-image-preview:large","max-video-preview":"max-video-preview:-1"},"canonical":"https:\/\/mesonavenidabetanzos.es\/gl\/accesibilidad\/","og_locale":"gl_ES","og_type":"article","og_title":"Accesibilidad - Mes&oacute;n Avenida","og_description":"Declaraci\u00f3n de accesibilidad El sitio web mesonavenidabetanzos.es tiene como objetivo garantizar la accesibilidad de sus contenidos al mayor n\u00famero posible de personas, independientemente de sus capacidades, contexto o dispositivo de acceso. La titular del sitio es Georgiana Corina Dica (NIF Y2067242Q). Estado de cumplimiento Nuestro objetivo es avanzar hacia un nivel de accesibilidad equivalente a [&hellip;]","og_url":"https:\/\/mesonavenidabetanzos.es\/gl\/accesibilidad\/","og_site_name":"Mes&oacute;n Avenida","article_modified_time":"2025-12-11T19:51:14+00:00","twitter_card":"summary_large_image","twitter_misc":{"Tempo de lectura":"3 minutos"},"schema":{"@context":"https:\/\/schema.org","@graph":[{"@type":"WebPage","@id":"https:\/\/mesonavenidabetanzos.es\/accesibilidad\/","url":"https:\/\/mesonavenidabetanzos.es\/accesibilidad\/","name":"Accesibilidad - Mes&oacute;n Avenida","isPartOf":{"@id":"https:\/\/mesonavenidabetanzos.es\/#website"},"datePublished":"2025-12-11T19:46:55+00:00","dateModified":"2025-12-11T19:51:14+00:00","breadcrumb":{"@id":"https:\/\/mesonavenidabetanzos.es\/accesibilidad\/#breadcrumb"},"inLanguage":"gl-ES","potentialAction":[{"@type":"ReadAction","target":["https:\/\/mesonavenidabetanzos.es\/accesibilidad\/"]}]},{"@type":"BreadcrumbList","@id":"https:\/\/mesonavenidabetanzos.es\/accesibilidad\/#breadcrumb","itemListElement":[{"@type":"ListItem","position":1,"name":"Portada","item":"https:\/\/mesonavenidabetanzos.es\/"},{"@type":"ListItem","position":2,"name":"Accesibilidad"}]},{"@type":"WebSite","@id":"https:\/\/mesonavenidabetanzos.es\/#website","url":"https:\/\/mesonavenidabetanzos.es\/","name":"Mes&oacute;n Avenida","description":"Comida casera gallega","publisher":{"@id":"https:\/\/mesonavenidabetanzos.es\/#organization"},"potentialAction":[{"@type":"SearchAction","target":{"@type":"EntryPoint","urlTemplate":"https:\/\/mesonavenidabetanzos.es\/?s={search_term_string}"},"query-input":{"@type":"PropertyValueSpecification","valueRequired":true,"valueName":"search_term_string"}}],"inLanguage":"gl-ES"},{"@type":"Organization","@id":"https:\/\/mesonavenidabetanzos.es\/#organization","name":"Mes&oacute;n Avenida","url":"https:\/\/mesonavenidabetanzos.es\/","logo":{"@type":"ImageObject","inLanguage":"gl-ES","@id":"https:\/\/mesonavenidabetanzos.es\/#\/schema\/logo\/image\/","url":"https:\/\/mesonavenidabetanzos.es\/wp-content\/uploads\/2025\/12\/Diseno-sin-titulo-18-e1765381248992.png","contentUrl":"https:\/\/mesonavenidabetanzos.es\/wp-content\/uploads\/2025\/12\/Diseno-sin-titulo-18-e1765381248992.png","width":1250,"height":435,"caption":"Mes&oacute;n Avenida"},"image":{"@id":"https:\/\/mesonavenidabetanzos.es\/#\/schema\/logo\/image\/"}}]}},"_links":{"self":[{"href":"https:\/\/mesonavenidabetanzos.es\/gl\/wp-json\/wp\/v2\/pages\/1378","targetHints":{"allow":["GET"]}}],"collection":[{"href":"https:\/\/mesonavenidabetanzos.es\/gl\/wp-json\/wp\/v2\/pages"}],"about":[{"href":"https:\/\/mesonavenidabetanzos.es\/gl\/wp-json\/wp\/v2\/types\/page"}],"author":[{"embeddable":true,"href":"https:\/\/mesonavenidabetanzos.es\/gl\/wp-json\/wp\/v2\/users\/2"}],"replies":[{"embeddable":true,"href":"https:\/\/mesonavenidabetanzos.es\/gl\/wp-json\/wp\/v2\/comments?post=1378"}],"version-history":[{"count":5,"href":"https:\/\/mesonavenidabetanzos.es\/gl\/wp-json\/wp\/v2\/pages\/1378\/revisions"}],"predecessor-version":[{"id":1383,"href":"https:\/\/mesonavenidabetanzos.es\/gl\/wp-json\/wp\/v2\/pages\/1378\/revisions\/1383"}],"wp:attachment":[{"href":"https:\/\/mesonavenidabetanzos.es\/gl\/wp-json\/wp\/v2\/media?parent=1378"}],"curies":[{"name":"wp","href":"https:\/\/api.w.org\/{rel}","templated":true}]}}