{"id":761,"date":"2025-12-10T15:42:41","date_gmt":"2025-12-10T15:42:41","guid":{"rendered":"https:\/\/mesonavenidabetanzos.es\/contact\/"},"modified":"2026-02-11T09:50:23","modified_gmt":"2026-02-11T09:50:23","slug":"contacto","status":"publish","type":"page","link":"https:\/\/mesonavenidabetanzos.es\/gl\/contacto\/","title":{"rendered":"Contacto"},"content":{"rendered":"\t\t<div data-elementor-type=\"wp-post\" data-elementor-id=\"761\" class=\"elementor elementor-761\">\n\t\t\t\t<div class=\"elementor-element elementor-element-b992b93 e-flex e-con-boxed e-con e-parent\" data-id=\"b992b93\" data-element_type=\"container\" data-e-type=\"container\" data-settings=\"{&quot;background_background&quot;:&quot;classic&quot;}\">\n\t\t\t\t\t<div class=\"e-con-inner\">\n\t\t<div class=\"elementor-element elementor-element-4b091b7 e-con-full e-flex e-con e-child\" data-id=\"4b091b7\" data-element_type=\"container\" data-e-type=\"container\">\n\t\t\t\t<div class=\"elementor-element elementor-element-b2c5a1d elementor-widget elementor-widget-heading\" data-id=\"b2c5a1d\" data-element_type=\"widget\" data-e-type=\"widget\" data-widget_type=\"heading.default\">\n\t\t\t\t<div class=\"elementor-widget-container\">\n\t\t\t\t\t<h1 class=\"elementor-heading-title elementor-size-default\"><a href=\"#\">Contacto<\/a><\/h1>\t\t\t\t<\/div>\n\t\t\t\t<\/div>\n\t\t\t\t<\/div>\n\t\t\t\t\t<\/div>\n\t\t\t\t<\/div>\n\t\t<div class=\"elementor-element elementor-element-02f0eef e-flex e-con-boxed e-con e-parent\" data-id=\"02f0eef\" data-element_type=\"container\" data-e-type=\"container\">\n\t\t\t\t\t<div class=\"e-con-inner\">\n\t\t<div class=\"elementor-element elementor-element-bb171b3 e-con-full e-flex e-con e-child\" data-id=\"bb171b3\" data-element_type=\"container\" data-e-type=\"container\">\n\t\t\t\t<div class=\"elementor-element elementor-element-f1dd889 elementor-widget elementor-widget-google_maps\" data-id=\"f1dd889\" data-element_type=\"widget\" data-e-type=\"widget\" data-widget_type=\"google_maps.default\">\n\t\t\t\t<div class=\"elementor-widget-container\">\n\t\t\t\t\t\t\t<div class=\"elementor-custom-embed\">\n\t\t\t<iframe loading=\"lazy\"\n\t\t\t\t\tsrc=\"https:\/\/maps.google.com\/maps?q=R%C3%BAa%20Venezuela%2044%2C%20Bajo%2C%2015300%20Betanzos&#038;t=m&#038;z=16&#038;output=embed&#038;iwloc=near\"\n\t\t\t\t\ttitle=\"R\u00faa Venezuela 44, Bajo, 15300 Betanzos\"\n\t\t\t\t\taria-label=\"R\u00faa Venezuela 44, Bajo, 15300 Betanzos\"\n\t\t\t><\/iframe>\n\t\t<\/div>\n\t\t\t\t\t\t<\/div>\n\t\t\t\t<\/div>\n\t\t\t\t<\/div>\n\t\t<div class=\"elementor-element elementor-element-a20cc5d e-con-full e-flex e-con e-child\" data-id=\"a20cc5d\" data-element_type=\"container\" data-e-type=\"container\" data-settings=\"{&quot;background_background&quot;:&quot;classic&quot;}\">\n\t\t\t\t<div class=\"elementor-element elementor-element-20144ee elementor-widget elementor-widget-icon-box\" data-id=\"20144ee\" data-element_type=\"widget\" data-e-type=\"widget\" data-widget_type=\"icon-box.default\">\n\t\t\t\t<div class=\"elementor-widget-container\">\n\t\t\t\t\t\t\t<div class=\"elementor-icon-box-wrapper\">\n\n\t\t\t\n\t\t\t\t\t\t<div class=\"elementor-icon-box-content\">\n\n\t\t\t\t\t\t\t\t\t<h2 class=\"elementor-icon-box-title\">\n\t\t\t\t\t\t<span  >\n\t\t\t\t\t\t\tHorario\t\t\t\t\t\t<\/span>\n\t\t\t\t\t<\/h2>\n\t\t\t\t\n\t\t\t\t\t\t\t\t\t<p class=\"elementor-icon-box-description\">\n\t\t\t\t\t\tLunes - Domingo\n9.00 a 17.00h y 20.00 a 1.00h\t\t\t\t\t<\/p>\n\t\t\t\t\n\t\t\t<\/div>\n\t\t\t\n\t\t<\/div>\n\t\t\t\t\t\t<\/div>\n\t\t\t\t<\/div>\n\t\t\t\t<\/div>\n\t\t\t\t\t<\/div>\n\t\t\t\t<\/div>\n\t\t<div class=\"elementor-element elementor-element-dcd7880 e-flex e-con-boxed e-con e-parent\" data-id=\"dcd7880\" data-element_type=\"container\" data-e-type=\"container\" data-settings=\"{&quot;background_background&quot;:&quot;classic&quot;}\">\n\t\t\t\t\t<div class=\"e-con-inner\">\n\t\t<div class=\"elementor-element elementor-element-ef8baec e-con-full e-flex e-con e-child\" data-id=\"ef8baec\" data-element_type=\"container\" data-e-type=\"container\">\n\t\t\t\t<div class=\"elementor-element elementor-element-f156278 elementor-widget elementor-widget-icon-box\" data-id=\"f156278\" data-element_type=\"widget\" data-e-type=\"widget\" data-widget_type=\"icon-box.default\">\n\t\t\t\t<div class=\"elementor-widget-container\">\n\t\t\t\t\t\t\t<div class=\"elementor-icon-box-wrapper\">\n\n\t\t\t\n\t\t\t\t\t\t<div class=\"elementor-icon-box-content\">\n\n\t\t\t\t\t\t\t\t\t<h3 class=\"elementor-icon-box-title\">\n\t\t\t\t\t\t<span  >\n\t\t\t\t\t\t\tContacto\t\t\t\t\t\t<\/span>\n\t\t\t\t\t<\/h3>\n\t\t\t\t\n\t\t\t\t\n\t\t\t<\/div>\n\t\t\t\n\t\t<\/div>\n\t\t\t\t\t\t<\/div>\n\t\t\t\t<\/div>\n\t\t\t\t<div class=\"elementor-element elementor-element-2d50486 elementor-position-inline-start elementor-view-default elementor-mobile-position-block-start elementor-widget elementor-widget-icon-box\" data-id=\"2d50486\" data-element_type=\"widget\" data-e-type=\"widget\" data-widget_type=\"icon-box.default\">\n\t\t\t\t<div class=\"elementor-widget-container\">\n\t\t\t\t\t\t\t<div class=\"elementor-icon-box-wrapper\">\n\n\t\t\t\t\t\t<div class=\"elementor-icon-box-icon\">\n\t\t\t\t<span  class=\"elementor-icon\">\n\t\t\t\t<i aria-hidden=\"true\" class=\"fas fa-map-marker-alt\"><\/i>\t\t\t\t<\/span>\n\t\t\t<\/div>\n\t\t\t\n\t\t\t\t\t\t<div class=\"elementor-icon-box-content\">\n\n\t\t\t\t\t\t\t\t\t<h4 class=\"elementor-icon-box-title\">\n\t\t\t\t\t\t<span  >\n\t\t\t\t\t\t\tR\u00faa Venezuela 44, Bajo, 15300 Betanzos\t\t\t\t\t\t<\/span>\n\t\t\t\t\t<\/h4>\n\t\t\t\t\n\t\t\t\t\n\t\t\t<\/div>\n\t\t\t\n\t\t<\/div>\n\t\t\t\t\t\t<\/div>\n\t\t\t\t<\/div>\n\t\t\t\t<div class=\"elementor-element elementor-element-954f265 elementor-position-inline-start elementor-view-default elementor-mobile-position-block-start elementor-widget elementor-widget-icon-box\" data-id=\"954f265\" data-element_type=\"widget\" data-e-type=\"widget\" data-widget_type=\"icon-box.default\">\n\t\t\t\t<div class=\"elementor-widget-container\">\n\t\t\t\t\t\t\t<div class=\"elementor-icon-box-wrapper\">\n\n\t\t\t\t\t\t<div class=\"elementor-icon-box-icon\">\n\t\t\t\t<span  class=\"elementor-icon\">\n\t\t\t\t<i aria-hidden=\"true\" class=\"fas fa-phone\"><\/i>\t\t\t\t<\/span>\n\t\t\t<\/div>\n\t\t\t\n\t\t\t\t\t\t<div class=\"elementor-icon-box-content\">\n\n\t\t\t\t\t\t\t\t\t<h4 class=\"elementor-icon-box-title\">\n\t\t\t\t\t\t<span  >\n\t\t\t\t\t\t\t981 77 23 38\t\t\t\t\t\t<\/span>\n\t\t\t\t\t<\/h4>\n\t\t\t\t\n\t\t\t\t\n\t\t\t<\/div>\n\t\t\t\n\t\t<\/div>\n\t\t\t\t\t\t<\/div>\n\t\t\t\t<\/div>\n\t\t<div class=\"elementor-element elementor-element-1b898a6 e-con-full e-flex e-con e-child\" data-id=\"1b898a6\" data-element_type=\"container\" data-e-type=\"container\">\n\t\t<div class=\"elementor-element elementor-element-7b7866a e-con-full e-flex e-con e-child\" data-id=\"7b7866a\" data-element_type=\"container\" data-e-type=\"container\" data-settings=\"{&quot;background_background&quot;:&quot;classic&quot;}\">\n\t\t\t\t<div class=\"elementor-element elementor-element-d29f7b8 elementor-widget elementor-widget-heading\" data-id=\"d29f7b8\" data-element_type=\"widget\" data-e-type=\"widget\" data-widget_type=\"heading.default\">\n\t\t\t\t<div class=\"elementor-widget-container\">\n\t\t\t\t\t<h3 class=\"elementor-heading-title elementor-size-default\">M\u00e1s contenido<\/h3>\t\t\t\t<\/div>\n\t\t\t\t<\/div>\n\t\t\t\t<div class=\"elementor-element elementor-element-abc4fe2 e-grid-align-left e-grid-align-mobile-center elementor-shape-rounded elementor-grid-0 elementor-widget elementor-widget-social-icons\" data-id=\"abc4fe2\" data-element_type=\"widget\" data-e-type=\"widget\" data-widget_type=\"social-icons.default\">\n\t\t\t\t<div class=\"elementor-widget-container\">\n\t\t\t\t\t\t\t<div class=\"elementor-social-icons-wrapper elementor-grid\" role=\"list\">\n\t\t\t\t\t\t\t<span class=\"elementor-grid-item\" role=\"listitem\">\n\t\t\t\t\t<a class=\"elementor-icon elementor-social-icon elementor-social-icon-facebook-f elementor-repeater-item-56e6558\" href=\"https:\/\/www.facebook.com\/ComerEnBetanzos\/\" target=\"_blank\">\n\t\t\t\t\t\t<span class=\"elementor-screen-only\">Facebook-f<\/span>\n\t\t\t\t\t\t<i aria-hidden=\"true\" class=\"fab fa-facebook-f\"><\/i>\t\t\t\t\t<\/a>\n\t\t\t\t<\/span>\n\t\t\t\t\t\t\t<span class=\"elementor-grid-item\" role=\"listitem\">\n\t\t\t\t\t<a class=\"elementor-icon elementor-social-icon elementor-social-icon-instagram elementor-repeater-item-d1d0df1\" href=\"https:\/\/www.instagram.com\/avenida_betanzos\/\" target=\"_blank\">\n\t\t\t\t\t\t<span class=\"elementor-screen-only\">Instagram<\/span>\n\t\t\t\t\t\t<i aria-hidden=\"true\" class=\"fab fa-instagram\"><\/i>\t\t\t\t\t<\/a>\n\t\t\t\t<\/span>\n\t\t\t\t\t<\/div>\n\t\t\t\t\t\t<\/div>\n\t\t\t\t<\/div>\n\t\t\t\t<\/div>\n\t\t\t\t<\/div>\n\t\t\t\t<\/div>\n\t\t<div class=\"elementor-element elementor-element-60070bf e-con-full e-flex e-con e-child\" data-id=\"60070bf\" data-element_type=\"container\" data-e-type=\"container\" data-settings=\"{&quot;background_background&quot;:&quot;classic&quot;}\">\n\t\t\t\t<div class=\"elementor-element elementor-element-b913d38 elementor-widget elementor-widget-icon-box\" data-id=\"b913d38\" data-element_type=\"widget\" data-e-type=\"widget\" data-widget_type=\"icon-box.default\">\n\t\t\t\t<div class=\"elementor-widget-container\">\n\t\t\t\t\t\t\t<div class=\"elementor-icon-box-wrapper\">\n\n\t\t\t\n\t\t\t\t\t\t<div class=\"elementor-icon-box-content\">\n\n\t\t\t\t\t\t\t\t\t<h3 class=\"elementor-icon-box-title\">\n\t\t\t\t\t\t<span  >\n\t\t\t\t\t\t\t\u00bfTienes alguna duda?\t\t\t\t\t\t<\/span>\n\t\t\t\t\t<\/h3>\n\t\t\t\t\n\t\t\t\t\t\t\t\t\t<p class=\"elementor-icon-box-description\">\n\t\t\t\t\t\tTe la resolvemos en el menor tiempo posible\t\t\t\t\t<\/p>\n\t\t\t\t\n\t\t\t<\/div>\n\t\t\t\n\t\t<\/div>\n\t\t\t\t\t\t<\/div>\n\t\t\t\t<\/div>\n\t\t\t\t<div class=\"elementor-element elementor-element-964caa9 elementor-widget elementor-widget-shortcode\" data-id=\"964caa9\" data-element_type=\"widget\" data-e-type=\"widget\" data-widget_type=\"shortcode.default\">\n\t\t\t\t<div class=\"elementor-widget-container\">\n\t\t\t\t\t\t\t<div class=\"elementor-shortcode\"><div class=\"wpforms-container \" id=\"wpforms-10\"><form id=\"wpforms-form-10\" class=\"wpforms-validate wpforms-form\" data-formid=\"10\" method=\"post\" enctype=\"multipart\/form-data\" action=\"\/gl\/wp-json\/wp\/v2\/pages\/761\" data-token=\"27a37671f1e5f479e1e8355d91d92c1b\" data-token-time=\"1775252579\"><noscript class=\"wpforms-error-noscript\">Por favor, activa JavaScript no teu navegador para completar este formulario.<\/noscript><div class=\"wpforms-field-container\"><div id=\"wpforms-10-field_0-container\" class=\"wpforms-field wpforms-field-name\" data-field-id=\"0\"><label class=\"wpforms-field-label wpforms-label-hide\" for=\"wpforms-10-field_0\">Your Name  <span class=\"wpforms-required-label\">*<\/span><\/label><input type=\"text\" id=\"wpforms-10-field_0\" class=\"wpforms-field-large wpforms-field-required\" name=\"wpforms[fields][0]\" placeholder=\"Your Name \" required><\/div><div id=\"wpforms-10-field_1-container\" class=\"wpforms-field wpforms-field-email\" data-field-id=\"1\"><label class=\"wpforms-field-label wpforms-label-hide\" for=\"wpforms-10-field_1\">Email <span class=\"wpforms-required-label\">*<\/span><\/label><input type=\"email\" id=\"wpforms-10-field_1\" class=\"wpforms-field-large wpforms-field-required\" name=\"wpforms[fields][1]\" placeholder=\"Email\" spellcheck=\"false\" required><\/div><div id=\"wpforms-10-field_5-container\" class=\"wpforms-field wpforms-field-number\" data-field-id=\"5\"><label class=\"wpforms-field-label wpforms-label-hide\" for=\"wpforms-10-field_5\">Numbers<\/label><input type=\"number\" id=\"wpforms-10-field_5\" class=\"wpforms-field-large\" name=\"wpforms[fields][5]\" placeholder=\"Contact No.\" step=\"any\" ><\/div><div id=\"wpforms-10-field_2-container\" class=\"wpforms-field wpforms-field-textarea\" data-field-id=\"2\"><label class=\"wpforms-field-label wpforms-label-hide\" for=\"wpforms-10-field_2\">Your Message <span class=\"wpforms-required-label\">*<\/span><\/label><textarea id=\"wpforms-10-field_2\" class=\"wpforms-field-medium wpforms-field-required\" name=\"wpforms[fields][2]\" placeholder=\"Message\" required><\/textarea><\/div><\/div><!-- .wpforms-field-container --><div class=\"wpforms-field wpforms-field-hp\"><label for=\"wpforms-10-field-hp\" class=\"wpforms-field-label\">Website<\/label><input type=\"text\" name=\"wpforms[hp]\" id=\"wpforms-10-field-hp\" class=\"wpforms-field-medium\"><\/div><div class=\"wpforms-submit-container\" ><input type=\"hidden\" name=\"wpforms[id]\" value=\"10\"><input type=\"hidden\" name=\"page_title\" value=\"\"><input type=\"hidden\" name=\"page_url\" value=\"https:\/\/mesonavenidabetanzos.es\/gl\/wp-json\/wp\/v2\/pages\/761\"><input type=\"hidden\" name=\"url_referer\" value=\"\"><button type=\"submit\" name=\"wpforms[submit]\" id=\"wpforms-submit-10\" class=\"wpforms-submit\" data-alt-text=\"Sending...\" data-submit-text=\"Send Enquiries\" aria-live=\"assertive\" value=\"wpforms-submit\">Send Enquiries<\/button><\/div><\/form><\/div>  <!-- .wpforms-container --><\/div>\n\t\t\t\t\t\t<\/div>\n\t\t\t\t<\/div>\n\t\t\t\t<\/div>\n\t\t\t\t\t<\/div>\n\t\t\t\t<\/div>\n\t\t\t\t<\/div>\n\t\t","protected":false},"excerpt":{"rendered":"<p>Contacto Horario Lunes &#8211; Domingo 9.00 a 17.00h y 20.00 a 1.00h Contacto R\u00faa Venezuela 44, Bajo, 15300 Betanzos 981 77 23 38 M\u00e1s contenido Facebook-f Instagram \u00bfTienes alguna duda? Te la resolvemos en el menor tiempo posible<\/p>","protected":false},"author":2,"featured_media":0,"parent":0,"menu_order":0,"comment_status":"closed","ping_status":"closed","template":"","meta":{"site-sidebar-layout":"no-sidebar","site-content-layout":"page-builder","ast-site-content-layout":"full-width-container","site-content-style":"unboxed","site-sidebar-style":"unboxed","ast-global-header-display":"","ast-banner-title-visibility":"","ast-main-header-display":"","ast-hfb-above-header-display":"","ast-hfb-below-header-display":"","ast-hfb-mobile-header-display":"","site-post-title":"disabled","ast-breadcrumbs-content":"","ast-featured-img":"disabled","footer-sml-layout":"","ast-disable-related-posts":"","theme-transparent-header-meta":"","adv-header-id-meta":"","stick-header-meta":"","header-above-stick-meta":"","header-main-stick-meta":"","header-below-stick-meta":"","astra-migrate-meta-layouts":"set","ast-page-background-enabled":"default","ast-page-background-meta":{"desktop":{"background-color":"","background-image":"","background-repeat":"repeat","background-position":"center center","background-size":"auto","background-attachment":"scroll","background-type":"","background-media":"","overlay-type":"","overlay-color":"","overlay-opacity":"","overlay-gradient":""},"tablet":{"background-color":"","background-image":"","background-repeat":"repeat","background-position":"center center","background-size":"auto","background-attachment":"scroll","background-type":"","background-media":"","overlay-type":"","overlay-color":"","overlay-opacity":"","overlay-gradient":""},"mobile":{"background-color":"","background-image":"","background-repeat":"repeat","background-position":"center center","background-size":"auto","background-attachment":"scroll","background-type":"","background-media":"","overlay-type":"","overlay-color":"","overlay-opacity":"","overlay-gradient":""}},"ast-content-background-meta":{"desktop":{"background-color":"var(--ast-global-color-5)","background-image":"","background-repeat":"repeat","background-position":"center center","background-size":"auto","background-attachment":"scroll","background-type":"","background-media":"","overlay-type":"","overlay-color":"","overlay-opacity":"","overlay-gradient":""},"tablet":{"background-color":"var(--ast-global-color-5)","background-image":"","background-repeat":"repeat","background-position":"center center","background-size":"auto","background-attachment":"scroll","background-type":"","background-media":"","overlay-type":"","overlay-color":"","overlay-opacity":"","overlay-gradient":""},"mobile":{"background-color":"var(--ast-global-color-5)","background-image":"","background-repeat":"repeat","background-position":"center center","background-size":"auto","background-attachment":"scroll","background-type":"","background-media":"","overlay-type":"","overlay-color":"","overlay-opacity":"","overlay-gradient":""}},"footnotes":""},"class_list":["post-761","page","type-page","status-publish","hentry"],"yoast_head":"<!-- This site is optimized with the Yoast SEO plugin v27.3 - https:\/\/yoast.com\/product\/yoast-seo-wordpress\/ -->\n<title>Contacto Mes\u00f3n Avenida | Cafeter\u00eda en Betanzos<\/title>\n<meta name=\"description\" content=\"Contacta con Mes\u00f3n Avenida en Betanzos. Consulta nuestra ubicaci\u00f3n, horario y tel\u00e9fono para reservar o realizar cualquier consulta.\" \/>\n<meta name=\"robots\" content=\"index, follow, max-snippet:-1, max-image-preview:large, max-video-preview:-1\" \/>\n<link rel=\"canonical\" href=\"https:\/\/mesonavenidabetanzos.es\/gl\/contacto\/\" \/>\n<meta property=\"og:locale\" content=\"gl_ES\" \/>\n<meta property=\"og:type\" content=\"article\" \/>\n<meta property=\"og:title\" content=\"Contacto Mes\u00f3n Avenida | Cafeter\u00eda en Betanzos\" \/>\n<meta property=\"og:description\" content=\"Contacta con Mes\u00f3n Avenida en Betanzos. Consulta nuestra ubicaci\u00f3n, horario y tel\u00e9fono para reservar o realizar cualquier consulta.\" \/>\n<meta property=\"og:url\" content=\"https:\/\/mesonavenidabetanzos.es\/gl\/contacto\/\" \/>\n<meta property=\"og:site_name\" content=\"Mes&oacute;n Avenida\" \/>\n<meta property=\"article:modified_time\" content=\"2026-02-11T09:50:23+00:00\" \/>\n<meta name=\"twitter:card\" content=\"summary_large_image\" \/>\n<meta name=\"twitter:label1\" content=\"Tempo de lectura\" \/>\n\t<meta name=\"twitter:data1\" content=\"1 minuto\" \/>\n<script type=\"application\/ld+json\" class=\"yoast-schema-graph\">{\"@context\":\"https:\\\/\\\/schema.org\",\"@graph\":[{\"@type\":\"WebPage\",\"@id\":\"https:\\\/\\\/mesonavenidabetanzos.es\\\/contacto\\\/\",\"url\":\"https:\\\/\\\/mesonavenidabetanzos.es\\\/contacto\\\/\",\"name\":\"Contacto Mes\u00f3n Avenida | Cafeter\u00eda en Betanzos\",\"isPartOf\":{\"@id\":\"https:\\\/\\\/mesonavenidabetanzos.es\\\/#website\"},\"datePublished\":\"2025-12-10T15:42:41+00:00\",\"dateModified\":\"2026-02-11T09:50:23+00:00\",\"description\":\"Contacta con Mes\u00f3n Avenida en Betanzos. Consulta nuestra ubicaci\u00f3n, horario y tel\u00e9fono para reservar o realizar cualquier consulta.\",\"breadcrumb\":{\"@id\":\"https:\\\/\\\/mesonavenidabetanzos.es\\\/contacto\\\/#breadcrumb\"},\"inLanguage\":\"gl-ES\",\"potentialAction\":[{\"@type\":\"ReadAction\",\"target\":[\"https:\\\/\\\/mesonavenidabetanzos.es\\\/contacto\\\/\"]}]},{\"@type\":\"BreadcrumbList\",\"@id\":\"https:\\\/\\\/mesonavenidabetanzos.es\\\/contacto\\\/#breadcrumb\",\"itemListElement\":[{\"@type\":\"ListItem\",\"position\":1,\"name\":\"Portada\",\"item\":\"https:\\\/\\\/mesonavenidabetanzos.es\\\/\"},{\"@type\":\"ListItem\",\"position\":2,\"name\":\"Contacto\"}]},{\"@type\":\"WebSite\",\"@id\":\"https:\\\/\\\/mesonavenidabetanzos.es\\\/#website\",\"url\":\"https:\\\/\\\/mesonavenidabetanzos.es\\\/\",\"name\":\"Mes&oacute;n Avenida\",\"description\":\"Comida casera gallega\",\"publisher\":{\"@id\":\"https:\\\/\\\/mesonavenidabetanzos.es\\\/#organization\"},\"potentialAction\":[{\"@type\":\"SearchAction\",\"target\":{\"@type\":\"EntryPoint\",\"urlTemplate\":\"https:\\\/\\\/mesonavenidabetanzos.es\\\/?s={search_term_string}\"},\"query-input\":{\"@type\":\"PropertyValueSpecification\",\"valueRequired\":true,\"valueName\":\"search_term_string\"}}],\"inLanguage\":\"gl-ES\"},{\"@type\":\"Organization\",\"@id\":\"https:\\\/\\\/mesonavenidabetanzos.es\\\/#organization\",\"name\":\"Mes&oacute;n Avenida\",\"url\":\"https:\\\/\\\/mesonavenidabetanzos.es\\\/\",\"logo\":{\"@type\":\"ImageObject\",\"inLanguage\":\"gl-ES\",\"@id\":\"https:\\\/\\\/mesonavenidabetanzos.es\\\/#\\\/schema\\\/logo\\\/image\\\/\",\"url\":\"https:\\\/\\\/mesonavenidabetanzos.es\\\/wp-content\\\/uploads\\\/2025\\\/12\\\/Diseno-sin-titulo-18-e1765381248992.png\",\"contentUrl\":\"https:\\\/\\\/mesonavenidabetanzos.es\\\/wp-content\\\/uploads\\\/2025\\\/12\\\/Diseno-sin-titulo-18-e1765381248992.png\",\"width\":1250,\"height\":435,\"caption\":\"Mes&oacute;n Avenida\"},\"image\":{\"@id\":\"https:\\\/\\\/mesonavenidabetanzos.es\\\/#\\\/schema\\\/logo\\\/image\\\/\"}}]}<\/script>\n<!-- \/ Yoast SEO plugin. -->","yoast_head_json":{"title":"Contacto Mes\u00f3n Avenida | Cafeter\u00eda en Betanzos","description":"Contacta con Mes\u00f3n Avenida en Betanzos. Consulta nuestra ubicaci\u00f3n, horario y tel\u00e9fono para reservar o realizar cualquier consulta.","robots":{"index":"index","follow":"follow","max-snippet":"max-snippet:-1","max-image-preview":"max-image-preview:large","max-video-preview":"max-video-preview:-1"},"canonical":"https:\/\/mesonavenidabetanzos.es\/gl\/contacto\/","og_locale":"gl_ES","og_type":"article","og_title":"Contacto Mes\u00f3n Avenida | Cafeter\u00eda en Betanzos","og_description":"Contacta con Mes\u00f3n Avenida en Betanzos. Consulta nuestra ubicaci\u00f3n, horario y tel\u00e9fono para reservar o realizar cualquier consulta.","og_url":"https:\/\/mesonavenidabetanzos.es\/gl\/contacto\/","og_site_name":"Mes&oacute;n Avenida","article_modified_time":"2026-02-11T09:50:23+00:00","twitter_card":"summary_large_image","twitter_misc":{"Tempo de lectura":"1 minuto"},"schema":{"@context":"https:\/\/schema.org","@graph":[{"@type":"WebPage","@id":"https:\/\/mesonavenidabetanzos.es\/contacto\/","url":"https:\/\/mesonavenidabetanzos.es\/contacto\/","name":"Contacto Mes\u00f3n Avenida | Cafeter\u00eda en Betanzos","isPartOf":{"@id":"https:\/\/mesonavenidabetanzos.es\/#website"},"datePublished":"2025-12-10T15:42:41+00:00","dateModified":"2026-02-11T09:50:23+00:00","description":"Contacta con Mes\u00f3n Avenida en Betanzos. Consulta nuestra ubicaci\u00f3n, horario y tel\u00e9fono para reservar o realizar cualquier consulta.","breadcrumb":{"@id":"https:\/\/mesonavenidabetanzos.es\/contacto\/#breadcrumb"},"inLanguage":"gl-ES","potentialAction":[{"@type":"ReadAction","target":["https:\/\/mesonavenidabetanzos.es\/contacto\/"]}]},{"@type":"BreadcrumbList","@id":"https:\/\/mesonavenidabetanzos.es\/contacto\/#breadcrumb","itemListElement":[{"@type":"ListItem","position":1,"name":"Portada","item":"https:\/\/mesonavenidabetanzos.es\/"},{"@type":"ListItem","position":2,"name":"Contacto"}]},{"@type":"WebSite","@id":"https:\/\/mesonavenidabetanzos.es\/#website","url":"https:\/\/mesonavenidabetanzos.es\/","name":"Mes&oacute;n Avenida","description":"Comida casera gallega","publisher":{"@id":"https:\/\/mesonavenidabetanzos.es\/#organization"},"potentialAction":[{"@type":"SearchAction","target":{"@type":"EntryPoint","urlTemplate":"https:\/\/mesonavenidabetanzos.es\/?s={search_term_string}"},"query-input":{"@type":"PropertyValueSpecification","valueRequired":true,"valueName":"search_term_string"}}],"inLanguage":"gl-ES"},{"@type":"Organization","@id":"https:\/\/mesonavenidabetanzos.es\/#organization","name":"Mes&oacute;n Avenida","url":"https:\/\/mesonavenidabetanzos.es\/","logo":{"@type":"ImageObject","inLanguage":"gl-ES","@id":"https:\/\/mesonavenidabetanzos.es\/#\/schema\/logo\/image\/","url":"https:\/\/mesonavenidabetanzos.es\/wp-content\/uploads\/2025\/12\/Diseno-sin-titulo-18-e1765381248992.png","contentUrl":"https:\/\/mesonavenidabetanzos.es\/wp-content\/uploads\/2025\/12\/Diseno-sin-titulo-18-e1765381248992.png","width":1250,"height":435,"caption":"Mes&oacute;n Avenida"},"image":{"@id":"https:\/\/mesonavenidabetanzos.es\/#\/schema\/logo\/image\/"}}]}},"_links":{"self":[{"href":"https:\/\/mesonavenidabetanzos.es\/gl\/wp-json\/wp\/v2\/pages\/761","targetHints":{"allow":["GET"]}}],"collection":[{"href":"https:\/\/mesonavenidabetanzos.es\/gl\/wp-json\/wp\/v2\/pages"}],"about":[{"href":"https:\/\/mesonavenidabetanzos.es\/gl\/wp-json\/wp\/v2\/types\/page"}],"author":[{"embeddable":true,"href":"https:\/\/mesonavenidabetanzos.es\/gl\/wp-json\/wp\/v2\/users\/2"}],"replies":[{"embeddable":true,"href":"https:\/\/mesonavenidabetanzos.es\/gl\/wp-json\/wp\/v2\/comments?post=761"}],"version-history":[{"count":32,"href":"https:\/\/mesonavenidabetanzos.es\/gl\/wp-json\/wp\/v2\/pages\/761\/revisions"}],"predecessor-version":[{"id":1479,"href":"https:\/\/mesonavenidabetanzos.es\/gl\/wp-json\/wp\/v2\/pages\/761\/revisions\/1479"}],"wp:attachment":[{"href":"https:\/\/mesonavenidabetanzos.es\/gl\/wp-json\/wp\/v2\/media?parent=761"}],"curies":[{"name":"wp","href":"https:\/\/api.w.org\/{rel}","templated":true}]}}